{"id":318,"date":"2022-05-22T21:00:02","date_gmt":"2022-05-22T21:00:02","guid":{"rendered":"https:\/\/laineetreves.com\/?page_id=318"},"modified":"2025-01-29T16:31:58","modified_gmt":"2025-01-29T16:31:58","slug":"318-2","status":"publish","type":"page","link":"https:\/\/laineetreves.com\/fr\/","title":{"rendered":""},"content":{"rendered":"<div class=\"wp-block-image is-style-default\">\n<figure class=\"aligncenter size-large is-resized\"><img loading=\"lazy\" decoding=\"async\" width=\"1024\" height=\"241\" src=\"https:\/\/laineetreves.com\/wp-content\/uploads\/2023\/01\/Laine-et-Reves.png\" alt=\"\" class=\"wp-image-744\" style=\"aspect-ratio:4.231404958677686;width:436px;height:auto\" srcset=\"https:\/\/laineetreves.com\/wp-content\/uploads\/2023\/01\/Laine-et-Reves.png 1570w, https:\/\/laineetreves.com\/wp-content\/uploads\/2023\/01\/Laine-et-Reves-300x158.png 300w, https:\/\/laineetreves.com\/wp-content\/uploads\/2023\/01\/Laine-et-Reves-1024x540.png 1024w, https:\/\/laineetreves.com\/wp-content\/uploads\/2023\/01\/Laine-et-Reves-768x405.png 768w, https:\/\/laineetreves.com\/wp-content\/uploads\/2023\/01\/Laine-et-Reves-1536x810.png 1536w, https:\/\/laineetreves.com\/wp-content\/uploads\/2023\/01\/Laine-et-Reves-18x9.png 18w, https:\/\/laineetreves.com\/wp-content\/uploads\/2023\/01\/Laine-et-Reves-600x316.png 600w\" sizes=\"auto, (max-width: 1024px) 100vw, 1024px\" \/><\/figure>\n<\/div>\n\n<div class=\"wp-block-image\">\n<figure class=\"aligncenter size-full is-resized\"><img loading=\"lazy\" decoding=\"async\" width=\"1012\" height=\"252\" src=\"https:\/\/laineetreves.com\/wp-content\/uploads\/2023\/01\/Screenshot-2023-01-08-at-21.25.57.png\" alt=\"\" class=\"wp-image-820\" style=\"width:313px;height:78px\" srcset=\"https:\/\/laineetreves.com\/wp-content\/uploads\/2023\/01\/Screenshot-2023-01-08-at-21.25.57.png 868w, https:\/\/laineetreves.com\/wp-content\/uploads\/2023\/01\/Screenshot-2023-01-08-at-21.25.57-300x72.png 300w, https:\/\/laineetreves.com\/wp-content\/uploads\/2023\/01\/Screenshot-2023-01-08-at-21.25.57-768x184.png 768w, https:\/\/laineetreves.com\/wp-content\/uploads\/2023\/01\/Screenshot-2023-01-08-at-21.25.57-18x4.png 18w, https:\/\/laineetreves.com\/wp-content\/uploads\/2023\/01\/Screenshot-2023-01-08-at-21.25.57-600x144.png 600w\" sizes=\"auto, (max-width: 1012px) 100vw, 1012px\" \/><\/figure>\n<\/div>\n\n\n<p class=\"has-text-color\" style=\"color:#650000\">Bienvenue dans mon petit atelier o\u00f9 je confectionne des matelas du d\u00e9but \u00e0 la fin \u00e0 la main. Je vais chercher la laine chez le fermier du coin. Le coutil est en pur lin biologique, il a pouss\u00e9 dans le nord de la France et en Flandre. Le tissu est fabriqu\u00e9 en Flandre. <\/p>\n\n\n\n<p class=\"has-text-color has-link-color wp-elements-29d7ba387ca17f9f61cd91e929dc1f21\" style=\"color:#0c8800\">Ondertussen ben ik weer terug naar Frankrijk, waar de boer naast me vleesschapen houdt met mooie matraswol en waar ik mijn grote natuurliefde kan gaan beleven. Het is nog allemaal in ontwikkeling maar ik denk erover na om workshops te organiseren om je eigen matras te maken!<\/p>\n\n\n<div class=\"wp-block-image is-style-default\">\n<figure class=\"alignright size-full is-resized\"><img loading=\"lazy\" decoding=\"async\" width=\"445\" height=\"477\" src=\"https:\/\/laineetreves.com\/wp-content\/uploads\/2022\/08\/vlinder-roestbruin.png\" alt=\"\" class=\"wp-image-682\" style=\"width:72px;height:auto\" srcset=\"https:\/\/laineetreves.com\/wp-content\/uploads\/2022\/08\/vlinder-roestbruin.png 445w, https:\/\/laineetreves.com\/wp-content\/uploads\/2022\/08\/vlinder-roestbruin-280x300.png 280w\" sizes=\"auto, (max-width: 445px) 100vw, 445px\" \/><\/figure>\n<\/div>\n\n\n<p class=\"has-text-color\" style=\"color:#650000\">Un matelas de taille standard a une \u00e9paisseur de 15 cm et une longueur de 200 cm et bien s\u00fbr une largeur variable. J\u2019accepte les commandes sur mesure, par exemple pour un camping-car\/van ou un lit de b\u00e9b\u00e9. Ou bien des coussins pour bancs ou sofas.<\/p>\n\n\n\n<p class=\"has-text-color\" style=\"color:#650000\">Comme peu de personnes connaissent le confort du matelas en pure laine de mouton, j\u2019ai confectionn\u00e9 un matelas d\u2019essayage.En exp\u00e9rimentant vous-m\u00eame le matelas, ce sera bien plus facile pour vous de savoir si vous voulez ou non l'acheter. Vous \u00eates int\u00e9ress\u00e9 d\u2019exp\u00e9rimenter les r\u00eaves sur la laine ? Prenez contact avec moi.<\/p>\n\n\n<div class=\"wp-block-image is-style-default\">\n<figure class=\"aligncenter size-large is-resized\"><img loading=\"lazy\" decoding=\"async\" width=\"1024\" height=\"129\" src=\"https:\/\/laineetreves.com\/wp-content\/uploads\/2022\/08\/sccchaapjes-1024x129.png\" alt=\"\" class=\"wp-image-683\" style=\"width:512px;height:65px\" srcset=\"https:\/\/laineetreves.com\/wp-content\/uploads\/2022\/08\/sccchaapjes-1024x129.png 1024w, https:\/\/laineetreves.com\/wp-content\/uploads\/2022\/08\/sccchaapjes-300x38.png 300w, https:\/\/laineetreves.com\/wp-content\/uploads\/2022\/08\/sccchaapjes-768x97.png 768w, https:\/\/laineetreves.com\/wp-content\/uploads\/2022\/08\/sccchaapjes-1536x194.png 1536w, https:\/\/laineetreves.com\/wp-content\/uploads\/2022\/08\/sccchaapjes-2048x258.png 2048w, https:\/\/laineetreves.com\/wp-content\/uploads\/2022\/08\/sccchaapjes-600x76.png 600w\" sizes=\"auto, (max-width: 1024px) 100vw, 1024px\" \/><\/figure>\n<\/div>\n\n\n<p class=\"has-text-color\" style=\"color:#650000\">Qui je-suis ? Une dame amoureuse de la qualit\u00e9 de l\u2019artisanat, amoureuse de la terre, de la vie. J\u2019aime r\u00eaver la nuit, sur mon magnifique matelas de laine ou le jour dehors au soleil\u2026<\/p>\n\n\n<div class=\"wp-block-image is-style-default\">\n<figure class=\"aligncenter size-medium is-resized\"><img loading=\"lazy\" decoding=\"async\" width=\"300\" height=\"94\" src=\"https:\/\/laineetreves.com\/wp-content\/uploads\/2022\/08\/florace-roestbruin-dd-300x94.png\" alt=\"\" class=\"wp-image-746\" style=\"width:180px;height:56px\" srcset=\"https:\/\/laineetreves.com\/wp-content\/uploads\/2022\/08\/florace-roestbruin-dd-300x94.png 300w, https:\/\/laineetreves.com\/wp-content\/uploads\/2022\/08\/florace-roestbruin-dd.png 600w\" sizes=\"auto, (max-width: 300px) 100vw, 300px\" \/><\/figure>\n<\/div>\n\n\n<div class=\"wp-block-columns alignfull are-vertically-aligned-top is-layout-flex wp-container-core-columns-is-layout-9d6595d7 wp-block-columns-is-layout-flex\">\n<div class=\"wp-block-column is-vertically-aligned-top is-layout-flow wp-block-column-is-layout-flow\" style=\"padding-top:1em;padding-right:1em;padding-bottom:1em;padding-left:1em\">\n<figure class=\"wp-block-gallery has-nested-images columns-default is-cropped wp-block-gallery-1 is-layout-flex wp-block-gallery-is-layout-flex\">\n<figure class=\"wp-block-image size-large is-style-default\"><img loading=\"lazy\" decoding=\"async\" width=\"2560\" height=\"1920\" data-id=\"439\" src=\"https:\/\/laineetreves.com\/wp-content\/uploads\/2022\/07\/IMG_7269-scaled.jpeg\" alt=\"\" class=\"wp-image-439\" srcset=\"https:\/\/laineetreves.com\/wp-content\/uploads\/2022\/07\/IMG_7269-scaled.jpeg 2560w, https:\/\/laineetreves.com\/wp-content\/uploads\/2022\/07\/IMG_7269-300x225.jpeg 300w, https:\/\/laineetreves.com\/wp-content\/uploads\/2022\/07\/IMG_7269-1024x768.jpeg 1024w, https:\/\/laineetreves.com\/wp-content\/uploads\/2022\/07\/IMG_7269-768x576.jpeg 768w, https:\/\/laineetreves.com\/wp-content\/uploads\/2022\/07\/IMG_7269-1536x1152.jpeg 1536w, https:\/\/laineetreves.com\/wp-content\/uploads\/2022\/07\/IMG_7269-2048x1536.jpeg 2048w, https:\/\/laineetreves.com\/wp-content\/uploads\/2022\/07\/IMG_7269-2000x1500.jpeg 2000w\" sizes=\"auto, (max-width: 2560px) 100vw, 2560px\" \/><\/figure>\n\n\n\n<figure class=\"wp-block-image size-large is-style-default\"><img loading=\"lazy\" decoding=\"async\" width=\"1024\" height=\"768\" data-id=\"307\" src=\"https:\/\/laineetreves.com\/wp-content\/uploads\/2022\/05\/IMG_3744-1024x768.jpeg\" alt=\"\" class=\"wp-image-307\" srcset=\"https:\/\/laineetreves.com\/wp-content\/uploads\/2022\/05\/IMG_3744-1024x768.jpeg 1024w, https:\/\/laineetreves.com\/wp-content\/uploads\/2022\/05\/IMG_3744-300x225.jpeg 300w, https:\/\/laineetreves.com\/wp-content\/uploads\/2022\/05\/IMG_3744-768x576.jpeg 768w, https:\/\/laineetreves.com\/wp-content\/uploads\/2022\/05\/IMG_3744-1536x1152.jpeg 1536w, https:\/\/laineetreves.com\/wp-content\/uploads\/2022\/05\/IMG_3744-2048x1536.jpeg 2048w\" sizes=\"auto, (max-width: 1024px) 100vw, 1024px\" \/><\/figure>\n\n\n\n<figure class=\"wp-block-image size-large is-style-default\"><img loading=\"lazy\" decoding=\"async\" width=\"2560\" height=\"1920\" data-id=\"32\" src=\"https:\/\/laineetreves.com\/wp-content\/uploads\/2022\/01\/cropped-IMG_3334-scaled-1.jpg\" alt=\"\" class=\"wp-image-32\" srcset=\"https:\/\/laineetreves.com\/wp-content\/uploads\/2022\/01\/cropped-IMG_3334-scaled-1.jpg 2560w, https:\/\/laineetreves.com\/wp-content\/uploads\/2022\/01\/cropped-IMG_3334-scaled-1-300x225.jpg 300w, https:\/\/laineetreves.com\/wp-content\/uploads\/2022\/01\/cropped-IMG_3334-scaled-1-1024x768.jpg 1024w, https:\/\/laineetreves.com\/wp-content\/uploads\/2022\/01\/cropped-IMG_3334-scaled-1-768x576.jpg 768w, https:\/\/laineetreves.com\/wp-content\/uploads\/2022\/01\/cropped-IMG_3334-scaled-1-1536x1152.jpg 1536w, https:\/\/laineetreves.com\/wp-content\/uploads\/2022\/01\/cropped-IMG_3334-scaled-1-2048x1536.jpg 2048w\" sizes=\"auto, (max-width: 2560px) 100vw, 2560px\" \/><\/figure>\n\n\n\n<figure class=\"wp-block-image size-large is-style-default\"><img loading=\"lazy\" decoding=\"async\" width=\"2560\" height=\"1920\" data-id=\"383\" src=\"https:\/\/laineetreves.com\/wp-content\/uploads\/2022\/07\/IMG_7250-scaled.jpeg\" alt=\"\" class=\"wp-image-383\" srcset=\"https:\/\/laineetreves.com\/wp-content\/uploads\/2022\/07\/IMG_7250-scaled.jpeg 2560w, https:\/\/laineetreves.com\/wp-content\/uploads\/2022\/07\/IMG_7250-300x225.jpeg 300w, https:\/\/laineetreves.com\/wp-content\/uploads\/2022\/07\/IMG_7250-1024x768.jpeg 1024w, https:\/\/laineetreves.com\/wp-content\/uploads\/2022\/07\/IMG_7250-768x576.jpeg 768w, https:\/\/laineetreves.com\/wp-content\/uploads\/2022\/07\/IMG_7250-1536x1152.jpeg 1536w, https:\/\/laineetreves.com\/wp-content\/uploads\/2022\/07\/IMG_7250-2048x1536.jpeg 2048w\" sizes=\"auto, (max-width: 2560px) 100vw, 2560px\" \/><\/figure>\n\n\n\n<figure class=\"wp-block-image size-large is-style-default\"><img loading=\"lazy\" decoding=\"async\" width=\"640\" height=\"480\" data-id=\"167\" src=\"https:\/\/laineetreves.com\/wp-content\/uploads\/2022\/04\/IMG_3578-Small.jpg\" alt=\"\" class=\"wp-image-167\" srcset=\"https:\/\/laineetreves.com\/wp-content\/uploads\/2022\/04\/IMG_3578-Small.jpg 640w, https:\/\/laineetreves.com\/wp-content\/uploads\/2022\/04\/IMG_3578-Small-300x225.jpg 300w\" sizes=\"auto, (max-width: 640px) 100vw, 640px\" \/><\/figure>\n\n\n\n<figure class=\"wp-block-image size-large is-style-default\"><img loading=\"lazy\" decoding=\"async\" width=\"2560\" height=\"1920\" data-id=\"20\" src=\"https:\/\/laineetreves.com\/wp-content\/uploads\/2022\/01\/IMG_4080-scaled.jpg\" alt=\"\" class=\"wp-image-20\" srcset=\"https:\/\/laineetreves.com\/wp-content\/uploads\/2022\/01\/IMG_4080-scaled.jpg 2560w, https:\/\/laineetreves.com\/wp-content\/uploads\/2022\/01\/IMG_4080-300x225.jpg 300w, https:\/\/laineetreves.com\/wp-content\/uploads\/2022\/01\/IMG_4080-1024x768.jpg 1024w, https:\/\/laineetreves.com\/wp-content\/uploads\/2022\/01\/IMG_4080-768x576.jpg 768w, https:\/\/laineetreves.com\/wp-content\/uploads\/2022\/01\/IMG_4080-1536x1152.jpg 1536w, https:\/\/laineetreves.com\/wp-content\/uploads\/2022\/01\/IMG_4080-2048x1536.jpg 2048w\" sizes=\"auto, (max-width: 2560px) 100vw, 2560px\" \/><\/figure>\n\n\n\n<figure class=\"wp-block-image size-large is-style-default\"><img loading=\"lazy\" decoding=\"async\" width=\"640\" height=\"480\" data-id=\"170\" src=\"https:\/\/laineetreves.com\/wp-content\/uploads\/2022\/04\/IMG_3742-Small.jpg\" alt=\"\" class=\"wp-image-170\" srcset=\"https:\/\/laineetreves.com\/wp-content\/uploads\/2022\/04\/IMG_3742-Small.jpg 640w, https:\/\/laineetreves.com\/wp-content\/uploads\/2022\/04\/IMG_3742-Small-300x225.jpg 300w\" sizes=\"auto, (max-width: 640px) 100vw, 640px\" \/><\/figure>\n\n\n\n<figure class=\"wp-block-image size-large is-style-default\"><img loading=\"lazy\" decoding=\"async\" width=\"1024\" height=\"768\" data-id=\"29\" src=\"https:\/\/laineetreves.com\/wp-content\/uploads\/2022\/01\/VWEQ8566-1024x768.jpg\" alt=\"\" class=\"wp-image-29\" srcset=\"https:\/\/laineetreves.com\/wp-content\/uploads\/2022\/01\/VWEQ8566-1024x768.jpg 1024w, https:\/\/laineetreves.com\/wp-content\/uploads\/2022\/01\/VWEQ8566-300x225.jpg 300w, https:\/\/laineetreves.com\/wp-content\/uploads\/2022\/01\/VWEQ8566-768x576.jpg 768w, https:\/\/laineetreves.com\/wp-content\/uploads\/2022\/01\/VWEQ8566-1536x1152.jpg 1536w, https:\/\/laineetreves.com\/wp-content\/uploads\/2022\/01\/VWEQ8566.jpg 1600w\" sizes=\"auto, (max-width: 1024px) 100vw, 1024px\" \/><\/figure>\n\n\n\n<figure class=\"wp-block-image size-large is-style-default\"><img loading=\"lazy\" decoding=\"async\" width=\"2448\" height=\"2448\" data-id=\"65\" src=\"https:\/\/laineetreves.com\/wp-content\/uploads\/2022\/01\/IMG_3599-rotated.jpg\" alt=\"\" class=\"wp-image-65\" srcset=\"https:\/\/laineetreves.com\/wp-content\/uploads\/2022\/01\/IMG_3599-rotated.jpg 2448w, https:\/\/laineetreves.com\/wp-content\/uploads\/2022\/01\/IMG_3599-300x300.jpg 300w, https:\/\/laineetreves.com\/wp-content\/uploads\/2022\/01\/IMG_3599-1024x1024.jpg 1024w, https:\/\/laineetreves.com\/wp-content\/uploads\/2022\/01\/IMG_3599-150x150.jpg 150w, https:\/\/laineetreves.com\/wp-content\/uploads\/2022\/01\/IMG_3599-768x768.jpg 768w, https:\/\/laineetreves.com\/wp-content\/uploads\/2022\/01\/IMG_3599-1536x1536.jpg 1536w, https:\/\/laineetreves.com\/wp-content\/uploads\/2022\/01\/IMG_3599-2048x2048.jpg 2048w\" sizes=\"auto, (max-width: 2448px) 100vw, 2448px\" \/><\/figure>\n\n\n\n<figure class=\"wp-block-image size-large is-style-default\"><img loading=\"lazy\" decoding=\"async\" width=\"1512\" height=\"1512\" data-id=\"901\" src=\"https:\/\/laineetreves.com\/wp-content\/uploads\/2023\/04\/IMG_0373klein-edited.jpg\" alt=\"\" class=\"wp-image-901\" srcset=\"https:\/\/laineetreves.com\/wp-content\/uploads\/2023\/04\/IMG_0373klein-edited.jpg 1512w, https:\/\/laineetreves.com\/wp-content\/uploads\/2023\/04\/IMG_0373klein-edited-300x300.jpg 300w, https:\/\/laineetreves.com\/wp-content\/uploads\/2023\/04\/IMG_0373klein-edited-1024x1024.jpg 1024w, https:\/\/laineetreves.com\/wp-content\/uploads\/2023\/04\/IMG_0373klein-edited-150x150.jpg 150w, https:\/\/laineetreves.com\/wp-content\/uploads\/2023\/04\/IMG_0373klein-edited-768x768.jpg 768w, https:\/\/laineetreves.com\/wp-content\/uploads\/2023\/04\/IMG_0373klein-edited-12x12.jpg 12w, https:\/\/laineetreves.com\/wp-content\/uploads\/2023\/04\/IMG_0373klein-edited-600x600.jpg 600w, https:\/\/laineetreves.com\/wp-content\/uploads\/2023\/04\/IMG_0373klein-edited-800x800.jpg 800w\" sizes=\"auto, (max-width: 1512px) 100vw, 1512px\" \/><\/figure>\n\n\n\n<figure class=\"wp-block-image size-large is-style-default\"><img loading=\"lazy\" decoding=\"async\" width=\"1024\" height=\"1024\" data-id=\"63\" src=\"https:\/\/laineetreves.com\/wp-content\/uploads\/2022\/01\/IMG_3604-1024x1024.jpg\" alt=\"\" class=\"wp-image-63\" srcset=\"https:\/\/laineetreves.com\/wp-content\/uploads\/2022\/01\/IMG_3604-1024x1024.jpg 1024w, https:\/\/laineetreves.com\/wp-content\/uploads\/2022\/01\/IMG_3604-300x300.jpg 300w, https:\/\/laineetreves.com\/wp-content\/uploads\/2022\/01\/IMG_3604-150x150.jpg 150w, https:\/\/laineetreves.com\/wp-content\/uploads\/2022\/01\/IMG_3604-768x768.jpg 768w, https:\/\/laineetreves.com\/wp-content\/uploads\/2022\/01\/IMG_3604-1536x1536.jpg 1536w, https:\/\/laineetreves.com\/wp-content\/uploads\/2022\/01\/IMG_3604-2048x2048.jpg 2048w\" sizes=\"auto, (max-width: 1024px) 100vw, 1024px\" \/><\/figure>\n\n\n\n<figure class=\"wp-block-image size-large is-style-default\"><img loading=\"lazy\" decoding=\"async\" width=\"768\" height=\"1024\" data-id=\"483\" src=\"https:\/\/laineetreves.com\/wp-content\/uploads\/2022\/07\/IMG_4350-768x1024.jpg\" alt=\"\" class=\"wp-image-483\" srcset=\"https:\/\/laineetreves.com\/wp-content\/uploads\/2022\/07\/IMG_4350-768x1024.jpg 768w, https:\/\/laineetreves.com\/wp-content\/uploads\/2022\/07\/IMG_4350-225x300.jpg 225w, https:\/\/laineetreves.com\/wp-content\/uploads\/2022\/07\/IMG_4350-1152x1536.jpg 1152w, https:\/\/laineetreves.com\/wp-content\/uploads\/2022\/07\/IMG_4350-1536x2048.jpg 1536w, https:\/\/laineetreves.com\/wp-content\/uploads\/2022\/07\/IMG_4350-600x800.jpg 600w, https:\/\/laineetreves.com\/wp-content\/uploads\/2022\/07\/IMG_4350-scaled.jpg 1920w\" sizes=\"auto, (max-width: 768px) 100vw, 768px\" \/><\/figure>\n<\/figure>\n<\/div>\n<\/div>\n\n\n<div class=\"wp-block-image is-style-default\">\n<figure class=\"aligncenter size-medium is-resized\"><img loading=\"lazy\" decoding=\"async\" width=\"94\" height=\"300\" src=\"https:\/\/laineetreves.com\/wp-content\/uploads\/2022\/08\/frutseltje-94x300.png\" alt=\"\" class=\"wp-image-687\" style=\"aspect-ratio:0.3161290322580645;width:35px;height:auto\" srcset=\"https:\/\/laineetreves.com\/wp-content\/uploads\/2022\/08\/frutseltje-94x300.png 94w, https:\/\/laineetreves.com\/wp-content\/uploads\/2022\/08\/frutseltje-322x1024.png 322w, https:\/\/laineetreves.com\/wp-content\/uploads\/2022\/08\/frutseltje.png 436w\" sizes=\"auto, (max-width: 94px) 100vw, 94px\" \/><\/figure>\n<\/div>\n\n\n<p class=\"has-text-align-center has-text-color\" style=\"color:#650000\">Sur un matelas en laine, plus besoin de compter les moutons! <\/p>\n\n\n\n\n\n<p><\/p>","protected":false},"excerpt":{"rendered":"<p>Ik maak matrassen van begin tot eind met de hand. De wol haal ik bij de boer aan de dijk bij mij om de hoek en deze wordt gewassen in [&hellip;]<\/p>\n","protected":false},"author":1,"featured_media":0,"parent":0,"menu_order":0,"comment_status":"closed","ping_status":"closed","template":"","meta":{"_eb_attr":"","footnotes":""},"class_list":["post-318","page","type-page","status-publish","hentry"],"featured_image_src":null,"featured_media_urls":[],"_links":{"self":[{"href":"https:\/\/laineetreves.com\/fr\/wp-json\/wp\/v2\/pages\/318","targetHints":{"allow":["GET"]}}],"collection":[{"href":"https:\/\/laineetreves.com\/fr\/wp-json\/wp\/v2\/pages"}],"about":[{"href":"https:\/\/laineetreves.com\/fr\/wp-json\/wp\/v2\/types\/page"}],"author":[{"embeddable":true,"href":"https:\/\/laineetreves.com\/fr\/wp-json\/wp\/v2\/users\/1"}],"replies":[{"embeddable":true,"href":"https:\/\/laineetreves.com\/fr\/wp-json\/wp\/v2\/comments?post=318"}],"version-history":[{"count":76,"href":"https:\/\/laineetreves.com\/fr\/wp-json\/wp\/v2\/pages\/318\/revisions"}],"predecessor-version":[{"id":909,"href":"https:\/\/laineetreves.com\/fr\/wp-json\/wp\/v2\/pages\/318\/revisions\/909"}],"wp:attachment":[{"href":"https:\/\/laineetreves.com\/fr\/wp-json\/wp\/v2\/media?parent=318"}],"curies":[{"name":"wp","href":"https:\/\/api.w.org\/{rel}","templated":true}]}}