{"id":110,"date":"2022-01-30T20:58:18","date_gmt":"2022-01-30T20:58:18","guid":{"rendered":"https:\/\/laineetreves.com\/?page_id=110"},"modified":"2022-08-22T19:33:20","modified_gmt":"2022-08-22T19:33:20","slug":"contact","status":"publish","type":"page","link":"https:\/\/laineetreves.com\/fr\/contact\/","title":{"rendered":""},"content":{"rendered":"<div class=\"wp-block-image\">\n<figure class=\"aligncenter size-large is-resized\"><img loading=\"lazy\" decoding=\"async\" src=\"https:\/\/laineetreves.com\/wp-content\/uploads\/2022\/08\/dromendd-1024x241.png\" alt=\"\" class=\"wp-image-744\" width=\"390\" height=\"91\" srcset=\"https:\/\/laineetreves.com\/wp-content\/uploads\/2022\/08\/dromendd-1024x241.png 1024w, https:\/\/laineetreves.com\/wp-content\/uploads\/2022\/08\/dromendd-300x71.png 300w, https:\/\/laineetreves.com\/wp-content\/uploads\/2022\/08\/dromendd-768x181.png 768w, https:\/\/laineetreves.com\/wp-content\/uploads\/2022\/08\/dromendd-600x141.png 600w, https:\/\/laineetreves.com\/wp-content\/uploads\/2022\/08\/dromendd.png 1536w\" sizes=\"auto, (max-width: 390px) 100vw, 390px\" \/><\/figure>\n<\/div>\n\n\n<p class=\"has-text-color\" style=\"color:#650000\">Heb je interesse? Een vraag? Stuur een berichtje! Als je wilt dat ik je terugbel, zet ook je telefoonnummer in het bericht. <\/p>\n\n\n<div class=\"wpforms-container wpforms-container-full wpforms-block\" id=\"wpforms-96\"><form id=\"wpforms-form-96\" class=\"wpforms-validate wpforms-form wpforms-ajax-form\" data-formid=\"96\" method=\"post\" enctype=\"multipart\/form-data\" action=\"\/fr\/wp-json\/wp\/v2\/pages\/110\" data-token=\"b872acec4158babd13d255ed0d6109ea\" data-token-time=\"1777709459\"><noscript class=\"wpforms-error-noscript\">Veuillez activer JavaScript dans votre navigateur pour remplir ce formulaire.<\/noscript><div class=\"wpforms-field-container\"><div id=\"wpforms-96-field_0-container\" class=\"wpforms-field wpforms-field-name\" data-field-id=\"0\"><label class=\"wpforms-field-label\" for=\"wpforms-96-field_0\">Je naam <span class=\"wpforms-required-label\">*<\/span><\/label><input type=\"text\" id=\"wpforms-96-field_0\" class=\"wpforms-field-medium wpforms-field-required\" name=\"wpforms[fields][0]\" required><\/div><div id=\"wpforms-96-field_1-container\" class=\"wpforms-field wpforms-field-email\" data-field-id=\"1\"><label class=\"wpforms-field-label\" for=\"wpforms-96-field_1\">Je mailadres <span class=\"wpforms-required-label\">*<\/span><\/label><input type=\"email\" id=\"wpforms-96-field_1\" class=\"wpforms-field-medium wpforms-field-required\" name=\"wpforms[fields][1]\" spellcheck=\"false\" required><\/div><div id=\"wpforms-96-field_2-container\" class=\"wpforms-field wpforms-field-textarea\" data-field-id=\"2\"><label class=\"wpforms-field-label\" for=\"wpforms-96-field_2\">Je bericht <span class=\"wpforms-required-label\">*<\/span><\/label><textarea id=\"wpforms-96-field_2\" class=\"wpforms-field-medium wpforms-field-required\" name=\"wpforms[fields][2]\" required><\/textarea><\/div><\/div><!-- .wpforms-field-container --><div class=\"wpforms-submit-container\" ><input type=\"hidden\" name=\"wpforms[id]\" value=\"96\"><input type=\"hidden\" name=\"page_title\" value=\"\"><input type=\"hidden\" name=\"page_url\" value=\"https:\/\/laineetreves.com\/fr\/wp-json\/wp\/v2\/pages\/110\"><input type=\"hidden\" name=\"url_referer\" value=\"\"><button type=\"submit\" name=\"wpforms[submit]\" id=\"wpforms-submit-96\" class=\"wpforms-submit\" data-alt-text=\"Bezig met verzenden...\" data-submit-text=\"Verzenden\" aria-live=\"assertive\" value=\"wpforms-submit\">Verzenden<\/button><img loading=\"lazy\" decoding=\"async\" src=\"https:\/\/laineetreves.com\/wp-content\/plugins\/wpforms-lite\/assets\/images\/submit-spin.svg\" class=\"wpforms-submit-spinner\" style=\"display: none;\" width=\"26\" height=\"26\" alt=\"Chargement en cours\"><\/div><\/form><\/div>  <!-- .wpforms-container -->\n\n<div class=\"wp-block-image\">\n<figure class=\"aligncenter size-medium is-resized\"><img loading=\"lazy\" decoding=\"async\" src=\"https:\/\/laineetreves.com\/wp-content\/uploads\/2022\/08\/Tekening--300x173.png\" alt=\"\" class=\"wp-image-763\" width=\"300\" height=\"173\" srcset=\"https:\/\/laineetreves.com\/wp-content\/uploads\/2022\/08\/Tekening--300x173.png 300w, https:\/\/laineetreves.com\/wp-content\/uploads\/2022\/08\/Tekening-.png 600w\" sizes=\"auto, (max-width: 300px) 100vw, 300px\" \/><\/figure>\n<\/div>","protected":false},"excerpt":{"rendered":"<p>Pour toute question envoyez-moi un message par le formulaire ci-dessous. Si vous voulez que je vous t\u00e9l\u00e9phone, inscrivez votre num\u00e9ro.<\/p>","protected":false},"author":1,"featured_media":0,"parent":0,"menu_order":0,"comment_status":"closed","ping_status":"closed","template":"","meta":{"_eb_attr":"","footnotes":""},"class_list":["post-110","page","type-page","status-publish","hentry"],"featured_image_src":null,"featured_media_urls":[],"_links":{"self":[{"href":"https:\/\/laineetreves.com\/fr\/wp-json\/wp\/v2\/pages\/110","targetHints":{"allow":["GET"]}}],"collection":[{"href":"https:\/\/laineetreves.com\/fr\/wp-json\/wp\/v2\/pages"}],"about":[{"href":"https:\/\/laineetreves.com\/fr\/wp-json\/wp\/v2\/types\/page"}],"author":[{"embeddable":true,"href":"https:\/\/laineetreves.com\/fr\/wp-json\/wp\/v2\/users\/1"}],"replies":[{"embeddable":true,"href":"https:\/\/laineetreves.com\/fr\/wp-json\/wp\/v2\/comments?post=110"}],"version-history":[{"count":21,"href":"https:\/\/laineetreves.com\/fr\/wp-json\/wp\/v2\/pages\/110\/revisions"}],"predecessor-version":[{"id":809,"href":"https:\/\/laineetreves.com\/fr\/wp-json\/wp\/v2\/pages\/110\/revisions\/809"}],"wp:attachment":[{"href":"https:\/\/laineetreves.com\/fr\/wp-json\/wp\/v2\/media?parent=110"}],"curies":[{"name":"wp","href":"https:\/\/api.w.org\/{rel}","templated":true}]}}